{"id":1713,"date":"2015-05-04T16:01:07","date_gmt":"2015-05-04T16:01:07","guid":{"rendered":"https:\/\/kebap-der-berge.at\/pizza-time\/"},"modified":"2024-01-02T10:21:05","modified_gmt":"2024-01-02T10:21:05","slug":"pizza-time","status":"publish","type":"page","link":"https:\/\/kebap-der-berge.at\/en\/","title":{"rendered":"Pizza Time"},"content":{"rendered":"<p>[vc_row][vc_column][vc_column_text]<script id=\"usercentrics-cmp\" async=\"\" data-eu-mode=\"true\" data-settings-id=\"SE2ynRO6QwPueo\" src=\"https:\/\/app.eu.usercentrics.eu\/browser-ui\/latest\/loader.js\"><\/script><br \/>\n[\/vc_column_text][\/vc_column][\/vc_row][vc_row cth_layout=&#8221;hero_sec&#8221; css=&#8221;.vc_custom_1495446640143{margin-bottom: 0px !important;}&#8221;][vc_column css=&#8221;.vc_custom_1495446650736{padding-right: 0px !important;padding-left: 0px !important;}&#8221;][cth_home_slideshow bgimgs=&#8221;1579,1580,1581&#8243;]JTNDZGl2JTIwY2xhc3MlM0QlMjJoZXJvLXRpdGxlLWhvbGRlciUyMiUzRSUwQSUyMCUyMCUyMCUyMCUzQ2RpdiUyMGNsYXNzJTNEJTIyb3ZlcmxheSUyMiUzRSUzQyUyRmRpdiUzRSUwQSUyMCUyMCUyMCUyMCUzQ2RpdiUyMGNsYXNzJTNEJTIyaGVyby10aXRsZSUyMiUzRSUwQSUyMCUyMCUyMCUyMCUyMCUyMCUyMCUyMCUzQ2RpdiUyMGNsYXNzJTNEJTIyaGVyby1kZWNvciUyMGItZGVjJTIyJTNFJTBBJTIwJTIwJTIwJTIwJTIwJTIwJTIwJTIwJTIwJTIwJTIwJTIwJTNDZGl2JTIwY2xhc3MlM0QlMjJoYWxmLWNpcmNsZSUyMiUzRSUzQyUyRmRpdiUzRSUwQSUyMCUyMCUyMCUyMCUyMCUyMCUyMCUyMCUzQyUyRmRpdiUzRSUwQSUyMCUyMCUyMCUyMCUyMCUyMCUyMCUyMCUzQ2RpdiUyMGNsYXNzJTNEJTIyc2VwYXJhdG9yJTIwY29sb3Itc2VwYXJhdG9yJTIyJTNFJTNDJTJGZGl2JTNFJTBBJTIwJTIwJTIwJTIwJTIwJTIwJTIwJTIwJTNDaDMlM0VLZWJhcCUyMGRlciUyMEJlcmdlJTNDJTJGaDMlM0UlMEElMjAlMjAlMjAlMjAlMjAlMjAlMjAlMjAlM0NoNCUzRWRpZSUyMEFkcmVzc2UlMjBkZXMlMjBiZXN0ZW4lMjBHZXNjaG1hY2tzJTNDJTJGaDQlM0UlMEElMjAlMjAlMjAlMjAlM0MlMkZkaXYlM0UlMEElM0MlMkZkaXYlM0UlMEElM0NkaXYlMjBjbGFzcyUzRCUyMmhlcm8tbGluayUyMiUzRSUwQSUyMCUyMCUyMCUyMCUzQ2ElMjBjbGFzcyUzRCUyMmN1c3RvbS1zY3JvbGwtbGluayUyMiUyMGhyZWYlM0QlMjIlMjNzZWMxJTIyJTNFJTBBJTIwJTIwJTIwJTIwJTIwJTIwJTIwJTIwJTNDaSUyMGNsYXNzJTNEJTIyZmElMjBmYS1hbmdsZS1kb3VibGUtZG93biUyMiUzRSUzQyUyRmklM0UlMEElMjAlMjAlMjAlMjAlM0MlMkZhJTNFJTBBJTNDJTJGZGl2JTNF[\/cth_home_slideshow][\/vc_column][\/vc_row][vc_row cth_layout=&#8221;row_sec&#8221; el_id=&#8221;sec1&#8243; el_class=&#8221;about-section&#8221;][vc_column offset=&#8221;vc_col-md-6&#8243;][lambert_section_title title_text=&#8221;Willkommen&#8221; subtitle_text=&#8221;Pizza Kebap Time&#8221;][\/lambert_section_title][vc_column_text]Kebab of the mountains restaurant that, with years of experience, aims to offer you the best taste.<\/p>\n<p>It is our job to serve you different flavors as well as pizza, doner kebab and salad variations to suit your taste.[\/vc_column_text][\/vc_column][vc_column offset=&#8221;vc_col-md-6&#8243;][lambert_owl_carousel_images][\/vc_column][\/vc_row][vc_row cth_layout=&#8221;fullwidth_video_parallax_sec&#8221; video_type=&#8221;hosted&#8221; bg_video=&#8221;https:\/\/kebap-der-berge.at\/wp-content\/uploads\/2023\/04\/kebap-der-berge.mov&#8221; parallax_inner=&#8221;863&#8243;][vc_column][lambert_parallax_section_title title_text=&#8221;\u00d6ffnungszeiten&#8221; subtitle_text=&#8221;&#8221;][\/lambert_parallax_section_title][vc_row_inner el_class=&#8221;work-time relative&#8221;][vc_column_inner width=&#8221;1\/3&#8243;][vc_column_text el_class=&#8221;parallax-content&#8221;]<\/p>\n<div class=\"work-time-text\">\n<h3><span style=\"color: #ffffff;\">Monday<br \/>\nto<\/span><\/h3>\n<h3><span style=\"color: #ffffff;\">Sunday<\/span><\/h3>\n<\/div>\n<p>[\/vc_column_text][\/vc_column_inner][vc_column_inner width=&#8221;1\/3&#8243;][vc_column_text el_class=&#8221;parallax-content&#8221;]<\/p>\n<div class=\"work-time-text\">\n<h3><span style=\"color: #ffffff;\">&#8211;<\/span><\/h3>\n<\/div>\n<p>[\/vc_column_text][\/vc_column_inner][vc_column_inner width=&#8221;1\/3&#8243;][vc_column_text el_class=&#8221;parallax-content&#8221;]<\/p>\n<div class=\"work-time-text\">\n<h3><span style=\"color: #ffffff;\">11:00 &#8211; 01:00<\/span><\/h3>\n<\/div>\n<p>[\/vc_column_text][\/vc_column_inner][\/vc_row_inner][\/vc_column][\/vc_row][vc_row][vc_column][lambert_parallax_section_title title_text=&#8221;&#8221; subtitle_text=&#8221;&#8221;]<\/p>\n<p style=\"text-align: center;\"><span style=\"color: #ffffff;\">Pizza Kebap Time &#8211; Kebap of the mountains<\/span><\/p>\n<p>[\/lambert_parallax_section_title][vc_row_inner el_class=&#8221;work-time relative&#8221;][vc_column_inner width=&#8221;1\/3&#8243;][\/vc_column_inner][vc_column_inner width=&#8221;1\/3&#8243;][\/vc_column_inner][vc_column_inner width=&#8221;1\/3&#8243;][\/vc_column_inner][\/vc_row_inner][\/vc_column][\/vc_row][vc_row cth_layout=&#8221;parallax_sec&#8221; css=&#8221;.vc_custom_1682312720547{background: #ffffff url(https:\/\/kebap-der-berge.at\/wp-content\/uploads\/2023\/04\/kebap-der-berge-menu-back.jpg?id=1586) !important;background-position: center !important;background-repeat: no-repeat !important;background-size: cover !important;border-radius: 1px !important;}&#8221;][vc_column][lambert_parallax_section_title title_text=&#8221;Speisekarte&#8221; subtitle_text=&#8221;&#8221;][\/lambert_parallax_section_title][vc_row_inner el_class=&#8221;relative&#8221; css=&#8221;.vc_custom_1682262176741{background-position: center !important;background-repeat: no-repeat !important;background-size: cover !important;}&#8221;][vc_column_inner width=&#8221;1\/3&#8243;][cth_menu title=&#8221;K\u00f6fte im Brot (A,G,C)&#8221; price=&#8221;&#8221;]Faschierte Laibchen, Salat, Zwiebel, Tomaten, Coctailsouce[\/cth_menu][cth_menu title=&#8221;Kebap mit knusprige Vinschgauerbrot (A,G)&#8221; price=&#8221;&#8221;]Kebapfleisch, Tomaten, Zwiebel, Gr\u00fcner Salat, Joghurtsouce [\/cth_menu][cth_menu title=&#8221;Kebapteller (A,G,M)&#8221; price=&#8221;&#8221;]Kebapfleisch, Pommes, Salat, Joghurtsouce [\/cth_menu][\/vc_column_inner][vc_column_inner width=&#8221;1\/3&#8243;][cth_image_menu_parallax bgimg=&#8221;1587&#8243;][cth_menu title=&#8221;Gem\u00fcse Pizza (A,G)&#8221; price=&#8221;&#8221;] K\u00e4se, Mixgem\u00fcse [\/cth_menu][cth_menu title=&#8221;Garnelen Pizza (A,G,R)&#8221; price=&#8221;&#8221;]K\u00e4se, Garnellen, Knoblauch, Oregano[\/cth_menu][cth_menu title=&#8221;Tiroler Bauernpizza (A,G)&#8221; price=&#8221;&#8221;]K\u00e4se, Bauernspeck, Zwiebel, Knoblauch, Oregano[\/cth_menu][vc_btn title=&#8221;all menus&#8221; color=&#8221;orange&#8221; align=&#8221;center&#8221; i_icon_fontawesome=&#8221;fas fa-hamburger&#8221; add_icon=&#8221;true&#8221; link=&#8221;url:https%3A%2F%2Fkebap-der-berge.at%2Fmenu%2F|title:da%C4%9F%20kebab%C4%B1%20men%C3%BCs%C3%BC|target:_blank&#8221;][\/vc_column_inner][vc_column_inner width=&#8221;1\/3&#8243;][cth_menu title=&#8221;Grillteller (A,G,M)&#8221; price=&#8221;&#8221;]<br \/>\nPutenfleisch, Schweinefleisch, Rindfleisch, Salat, Pommes, Kr\u00e4uterbutter<br \/>\n[\/cth_menu][cth_menu title=&#8221;Pizza Time Spezial (A,C,G)&#8221; price=&#8221;&#8221;]<br \/>\nSchweinschnitzel mit Kebapfleisch, K\u00e4se \u00fcberbacken mit Pommes<br \/>\n[\/cth_menu][cth_menu title=&#8221;Tiroler Burger mit Vinschgauerbrot (A,G,M)&#8221; price=&#8221;&#8221;]Rindfleisch, Speck, Salat, Tomaten, Zwiebel, Coctailsouce[\/cth_menu][\/vc_column_inner][\/vc_row_inner][\/vc_column][\/vc_row][vc_row][vc_column][\/vc_column][\/vc_row]<\/p>\n","protected":false},"excerpt":{"rendered":"<p>[vc_row][vc_column][vc_column_text] [\/vc_column_text][\/vc_column][\/vc_row][vc_row cth_layout=&#8221;hero_sec&#8221; css=&#8221;.vc_custom_1495446640143{margin-bottom: 0px !important;}&#8221;][vc_column css=&#8221;.vc_custom_1495446650736{padding-right: 0px !important;padding-left: 0px !important;}&#8221;][cth_home_slideshow bgimgs=&#8221;1579,1580,1581&#8243;]JTNDZGl2JTIwY2xhc3MlM0QlMjJoZXJvLXRpdGxlLWhvbGRlciUyMiUzRSUwQSUyMCUyMCUyMCUyMCUzQ2RpdiUyMGNsYXNzJTNEJTIyb3ZlcmxheSUyMiUzRSUzQyUyRmRpdiUzRSUwQSUyMCUyMCUyMCUyMCUzQ2RpdiUyMGNsYXNzJTNEJTIyaGVyby10aXRsZSUyMiUzRSUwQSUyMCUyMCUyMCUyMCUyMCUyMCUyMCUyMCUzQ2RpdiUyMGNsYXNzJTNEJTIyaGVyby1kZWNvciUyMGItZGVjJTIyJTNFJTBBJTIwJTIwJTIwJTIwJTIwJTIwJTIwJTIwJTIwJTIwJTIwJTIwJTNDZGl2JTIwY2xhc3MlM0QlMjJoYWxmLWNpcmNsZSUyMiUzRSUzQyUyRmRpdiUzRSUwQSUyMCUyMCUyMCUyMCUyMCUyMCUyMCUyMCUzQyUyRmRpdiUzRSUwQSUyMCUyMCUyMCUyMCUyMCUyMCUyMCUyMCUzQ2RpdiUyMGNsYXNzJTNEJTIyc2VwYXJhdG9yJTIwY29sb3Itc2VwYXJhdG9yJTIyJTNFJTNDJTJGZGl2JTNFJTBBJTIwJTIwJTIwJTIwJTIwJTIwJTIwJTIwJTNDaDMlM0VLZWJhcCUyMGRlciUyMEJlcmdlJTNDJTJGaDMlM0UlMEElMjAlMjAlMjAlMjAlMjAlMjAlMjAlMjAlM0NoNCUzRWRpZSUyMEFkcmVzc2UlMjBkZXMlMjBiZXN0ZW4lMjBHZXNjaG1hY2tzJTNDJTJGaDQlM0UlMEElMjAlMjAlMjAlMjAlM0MlMkZkaXYlM0UlMEElM0MlMkZkaXYlM0UlMEElM0NkaXYlMjBjbGFzcyUzRCUyMmhlcm8tbGluayUyMiUzRSUwQSUyMCUyMCUyMCUyMCUzQ2ElMjBjbGFzcyUzRCUyMmN1c3RvbS1zY3JvbGwtbGluayUyMiUyMGhyZWYlM0QlMjIlMjNzZWMxJTIyJTNFJTBBJTIwJTIwJTIwJTIwJTIwJTIwJTIwJTIwJTNDaSUyMGNsYXNzJTNEJTIyZmElMjBmYS1hbmdsZS1kb3VibGUtZG93biUyMiUzRSUzQyUyRmklM0UlMEElMjAlMjAlMjAlMjAlM0MlMkZhJTNFJTBBJTNDJTJGZGl2JTNF[\/cth_home_slideshow][\/vc_column][\/vc_row][vc_row cth_layout=&#8221;row_sec&#8221; el_id=&#8221;sec1&#8243; el_class=&#8221;about-section&#8221;][vc_column offset=&#8221;vc_col-md-6&#8243;][lambert_section_title title_text=&#8221;Willkommen&#8221; subtitle_text=&#8221;Pizza Kebap Time&#8221;][\/lambert_section_title][vc_column_text]Kebab of the mountains restaurant that, with years of experience, aims to offer you the best taste. It is our job to serve you different flavors as well as pizza, doner kebab and salad variations to&#8230;<\/p>\n","protected":false},"author":1,"featured_media":0,"parent":0,"menu_order":0,"comment_status":"open","ping_status":"open","template":"homepage.php","meta":{"footnotes":""},"class_list":["post-1713","page","type-page","status-publish","hentry"],"_links":{"self":[{"href":"https:\/\/kebap-der-berge.at\/en\/wp-json\/wp\/v2\/pages\/1713","targetHints":{"allow":["GET"]}}],"collection":[{"href":"https:\/\/kebap-der-berge.at\/en\/wp-json\/wp\/v2\/pages"}],"about":[{"href":"https:\/\/kebap-der-berge.at\/en\/wp-json\/wp\/v2\/types\/page"}],"author":[{"embeddable":true,"href":"https:\/\/kebap-der-berge.at\/en\/wp-json\/wp\/v2\/users\/1"}],"replies":[{"embeddable":true,"href":"https:\/\/kebap-der-berge.at\/en\/wp-json\/wp\/v2\/comments?post=1713"}],"version-history":[{"count":3,"href":"https:\/\/kebap-der-berge.at\/en\/wp-json\/wp\/v2\/pages\/1713\/revisions"}],"predecessor-version":[{"id":1837,"href":"https:\/\/kebap-der-berge.at\/en\/wp-json\/wp\/v2\/pages\/1713\/revisions\/1837"}],"wp:attachment":[{"href":"https:\/\/kebap-der-berge.at\/en\/wp-json\/wp\/v2\/media?parent=1713"}],"curies":[{"name":"wp","href":"https:\/\/api.w.org\/{rel}","templated":true}]}}